{"id":759,"date":"2021-06-06T11:42:32","date_gmt":"2021-06-06T11:42:32","guid":{"rendered":"https:\/\/regenerage.clinic\/?page_id=759"},"modified":"2023-07-07T11:44:46","modified_gmt":"2023-07-07T17:44:46","slug":"news","status":"publish","type":"page","link":"https:\/\/regenerage.clinic\/es\/news\/","title":{"rendered":"Noticias"},"content":{"rendered":"<div data-elementor-type=\"wp-page\" data-elementor-id=\"759\" class=\"elementor elementor-759\">\n\t\t\t\t<div class=\"elementor-element elementor-element-26ec9ac7 e-flex e-con-boxed e-con e-parent\" data-id=\"26ec9ac7\" data-element_type=\"container\" data-settings=\"{&quot;_ha_eqh_enable&quot;:false}\">\n\t\t\t\t\t<div class=\"e-con-inner\">\n\t\t<div class=\"elementor-element elementor-element-3ee731a8 e-flex e-con-boxed e-con e-child\" data-id=\"3ee731a8\" data-element_type=\"container\" data-settings=\"{&quot;_ha_eqh_enable&quot;:false}\">\n\t\t\t\t\t<div class=\"e-con-inner\">\n\t\t\t\t<div class=\"elementor-element elementor-element-629df30a elementor-widget elementor-widget-spacer\" data-id=\"629df30a\" data-element_type=\"widget\" data-widget_type=\"spacer.default\">\n\t\t\t\t<div class=\"elementor-widget-container\">\n\t\t\t<style>\/*! elementor - v3.21.0 - 08-05-2024 *\/\n.elementor-column .elementor-spacer-inner{height:var(--spacer-size)}.e-con{--container-widget-width:100%}.e-con-inner>.elementor-widget-spacer,.e-con>.elementor-widget-spacer{width:var(--container-widget-width,var(--spacer-size));--align-self:var(--container-widget-align-self,initial);--flex-shrink:0}.e-con-inner>.elementor-widget-spacer>.elementor-widget-container,.e-con>.elementor-widget-spacer>.elementor-widget-container{height:100%;width:100%}.e-con-inner>.elementor-widget-spacer>.elementor-widget-container>.elementor-spacer,.e-con>.elementor-widget-spacer>.elementor-widget-container>.elementor-spacer{height:100%}.e-con-inner>.elementor-widget-spacer>.elementor-widget-container>.elementor-spacer>.elementor-spacer-inner,.e-con>.elementor-widget-spacer>.elementor-widget-container>.elementor-spacer>.elementor-spacer-inner{height:var(--container-widget-height,var(--spacer-size))}.e-con-inner>.elementor-widget-spacer.elementor-widget-empty,.e-con>.elementor-widget-spacer.elementor-widget-empty{position:relative;min-height:22px;min-width:22px}.e-con-inner>.elementor-widget-spacer.elementor-widget-empty .elementor-widget-empty-icon,.e-con>.elementor-widget-spacer.elementor-widget-empty .elementor-widget-empty-icon{position:absolute;top:0;bottom:0;left:0;right:0;margin:auto;padding:0;width:22px;height:22px}<\/style>\t\t<div class=\"elementor-spacer\">\n\t\t\t<div class=\"elementor-spacer-inner\"><\/div>\n\t\t<\/div>\n\t\t\t\t<\/div>\n\t\t\t\t<\/div>\n\t\t\t\t<div class=\"elementor-element elementor-element-68e04e94 elementor-invisible elementor-widget elementor-widget-image\" data-id=\"68e04e94\" data-element_type=\"widget\" data-settings=\"{&quot;_animation&quot;:&quot;fadeInDown&quot;}\" data-widget_type=\"image.default\">\n\t\t\t\t<div class=\"elementor-widget-container\">\n\t\t\t<style>\/*! elementor - v3.21.0 - 08-05-2024 *\/\n.elementor-widget-image{text-align:center}.elementor-widget-image a{display:inline-block}.elementor-widget-image a img[src$=\".svg\"]{width:48px}.elementor-widget-image img{vertical-align:middle;display:inline-block}<\/style>\t\t\t\t\t\t\t\t\t\t<img fetchpriority=\"high\" decoding=\"async\" width=\"580\" height=\"243\" src=\"https:\/\/regenerage.clinic\/wp-content\/uploads\/2023\/05\/RegenerAge-Clinic-Elite-Logo.png\" class=\"attachment-large size-large wp-image-1146\" alt=\"RegenerAge\u00ae Elite Clinic\" srcset=\"https:\/\/regenerage.clinic\/wp-content\/uploads\/2023\/05\/RegenerAge-Clinic-Elite-Logo.png 736w, https:\/\/regenerage.clinic\/wp-content\/uploads\/2023\/05\/RegenerAge-Clinic-Elite-Logo-300x126.png 300w, https:\/\/regenerage.clinic\/wp-content\/uploads\/2023\/05\/RegenerAge-Clinic-Elite-Logo-18x8.png 18w, https:\/\/regenerage.clinic\/wp-content\/uploads\/2023\/05\/RegenerAge-Clinic-Elite-Logo-600x251.png 600w\" sizes=\"(max-width: 580px) 100vw, 580px\" \/>\t\t\t\t\t\t\t\t\t\t\t\t\t<\/div>\n\t\t\t\t<\/div>\n\t\t\t\t<div class=\"elementor-element elementor-element-4ce72e4d elementor-invisible elementor-widget elementor-widget-text-editor\" data-id=\"4ce72e4d\" data-element_type=\"widget\" data-settings=\"{&quot;_animation&quot;:&quot;fadeInUp&quot;}\" data-widget_type=\"text-editor.default\">\n\t\t\t\t<div class=\"elementor-widget-container\">\n\t\t\t<style>\/*! elementor - v3.21.0 - 08-05-2024 *\/\n.elementor-widget-text-editor.elementor-drop-cap-view-stacked .elementor-drop-cap{background-color:#69727d;color:#fff}.elementor-widget-text-editor.elementor-drop-cap-view-framed .elementor-drop-cap{color:#69727d;border:3px solid;background-color:transparent}.elementor-widget-text-editor:not(.elementor-drop-cap-view-default) .elementor-drop-cap{margin-top:8px}.elementor-widget-text-editor:not(.elementor-drop-cap-view-default) .elementor-drop-cap-letter{width:1em;height:1em}.elementor-widget-text-editor .elementor-drop-cap{float:left;text-align:center;line-height:1;font-size:50px}.elementor-widget-text-editor .elementor-drop-cap-letter{display:inline-block}<\/style>\t\t\t\t<h3 style=\"text-align: center;\"><strong>NOTICIAS, EVENTOS &amp; PRENSA<\/strong><\/h3><p style=\"text-align: center;\">Conozca nuestras \u00faltimas actualizaciones, promociones, apariciones en prensa y medios, y eventos m\u00e9dicos en nuestra secci\u00f3n de noticias dedicada. RegenerAge\u00ae es reconocido internacionalmente por nuestra destacada colaboraci\u00f3n con universidades y m\u00e9dicos de todo el mundo.<\/p>\t\t\t\t\t\t<\/div>\n\t\t\t\t<\/div>\n\t\t\t\t<div class=\"elementor-element elementor-element-681ca37b elementor-widget elementor-widget-spacer\" data-id=\"681ca37b\" data-element_type=\"widget\" data-widget_type=\"spacer.default\">\n\t\t\t\t<div class=\"elementor-widget-container\">\n\t\t\t\t\t<div class=\"elementor-spacer\">\n\t\t\t<div class=\"elementor-spacer-inner\"><\/div>\n\t\t<\/div>\n\t\t\t\t<\/div>\n\t\t\t\t<\/div>\n\t\t\t\t\t<\/div>\n\t\t\t\t<\/div>\n\t\t\t\t\t<\/div>\n\t\t\t\t<\/div>\n\t\t<div class=\"elementor-element elementor-element-148d4d1b e-flex e-con-boxed e-con e-parent\" data-id=\"148d4d1b\" data-element_type=\"container\" data-settings=\"{&quot;_ha_eqh_enable&quot;:false}\">\n\t\t\t\t\t<div class=\"e-con-inner\">\n\t\t<div class=\"elementor-element elementor-element-4e84a1b6 e-con-full e-flex elementor-invisible e-con e-child\" data-id=\"4e84a1b6\" data-element_type=\"container\" data-settings=\"{&quot;animation&quot;:&quot;fadeInLeft&quot;,&quot;_ha_eqh_enable&quot;:false}\">\n\t\t\t\t<div class=\"elementor-element elementor-element-7e05a015 elementor-widget elementor-widget-text-editor\" data-id=\"7e05a015\" data-element_type=\"widget\" data-widget_type=\"text-editor.default\">\n\t\t\t\t<div class=\"elementor-widget-container\">\n\t\t\t\t\t\t\t<h3>ENTREVISTA: CNN LATINOAM\u00c9RICA<\/h3>\t\t\t\t\t\t<\/div>\n\t\t\t\t<\/div>\n\t\t\t\t<div class=\"elementor-element elementor-element-505a599a elementor-widget elementor-widget-video\" data-id=\"505a599a\" data-element_type=\"widget\" data-settings=\"{&quot;youtube_url&quot;:&quot;https:\\\/\\\/www.youtube.com\\\/watch?v=th3hw9V18Gc&quot;,&quot;modestbranding&quot;:&quot;yes&quot;,&quot;yt_privacy&quot;:&quot;yes&quot;,&quot;lazy_load&quot;:&quot;yes&quot;,&quot;image_overlay&quot;:{&quot;url&quot;:&quot;https:\\\/\\\/regenerage.clinic\\\/wp-content\\\/uploads\\\/2023\\\/07\\\/CNN-Interviews-Collection.jpg&quot;,&quot;id&quot;:2230,&quot;size&quot;:&quot;&quot;,&quot;alt&quot;:&quot;News: CNN Latin America - RegenerAge\\u00ae Elite Clinic&quot;,&quot;source&quot;:&quot;library&quot;},&quot;lightbox&quot;:&quot;yes&quot;,&quot;lightbox_content_animation&quot;:&quot;fadeInLeft&quot;,&quot;show_image_overlay&quot;:&quot;yes&quot;,&quot;video_type&quot;:&quot;youtube&quot;,&quot;controls&quot;:&quot;yes&quot;}\" data-widget_type=\"video.default\">\n\t\t\t\t<div class=\"elementor-widget-container\">\n\t\t\t<style>\/*! elementor - v3.21.0 - 08-05-2024 *\/\n.elementor-widget-video .elementor-widget-container{overflow:hidden;transform:translateZ(0)}.elementor-widget-video .elementor-wrapper{aspect-ratio:var(--video-aspect-ratio)}.elementor-widget-video .elementor-wrapper iframe,.elementor-widget-video .elementor-wrapper video{height:100%;width:100%;display:flex;border:none;background-color:#000}@supports not (aspect-ratio:1\/1){.elementor-widget-video .elementor-wrapper{position:relative;overflow:hidden;height:0;padding-bottom:calc(100% \/ var(--video-aspect-ratio))}.elementor-widget-video .elementor-wrapper iframe,.elementor-widget-video .elementor-wrapper video{position:absolute;top:0;right:0;bottom:0;left:0}}.elementor-widget-video .elementor-open-inline .elementor-custom-embed-image-overlay{position:absolute;top:0;right:0;bottom:0;left:0;background-size:cover;background-position:50%}.elementor-widget-video .elementor-custom-embed-image-overlay{cursor:pointer;text-align:center}.elementor-widget-video .elementor-custom-embed-image-overlay:hover .elementor-custom-embed-play i{opacity:1}.elementor-widget-video .elementor-custom-embed-image-overlay img{display:block;width:100%;aspect-ratio:var(--video-aspect-ratio);-o-object-fit:cover;object-fit:cover;-o-object-position:center center;object-position:center center}@supports not (aspect-ratio:1\/1){.elementor-widget-video .elementor-custom-embed-image-overlay{position:relative;overflow:hidden;height:0;padding-bottom:calc(100% \/ var(--video-aspect-ratio))}.elementor-widget-video .elementor-custom-embed-image-overlay img{position:absolute;top:0;right:0;bottom:0;left:0}}.elementor-widget-video .e-hosted-video .elementor-video{-o-object-fit:cover;object-fit:cover}.e-con-inner>.elementor-widget-video,.e-con>.elementor-widget-video{width:var(--container-widget-width);--flex-grow:var(--container-widget-flex-grow)}<\/style>\t\t<div class=\"elementor-wrapper elementor-open-lightbox\">\n\t\t\t\t\t\t\t<div class=\"elementor-custom-embed-image-overlay\" data-elementor-open-lightbox=\"yes\" data-elementor-lightbox=\"{&quot;type&quot;:&quot;video&quot;,&quot;videoType&quot;:&quot;youtube&quot;,&quot;url&quot;:&quot;https:\\\/\\\/www.youtube-nocookie.com\\\/embed\\\/th3hw9V18Gc?feature=oembed&amp;start&amp;end&amp;wmode=opaque&amp;loop=0&amp;controls=1&amp;mute=0&amp;rel=0&amp;modestbranding=1&quot;,&quot;modalOptions&quot;:{&quot;id&quot;:&quot;elementor-lightbox-505a599a&quot;,&quot;entranceAnimation&quot;:&quot;fadeInLeft&quot;,&quot;entranceAnimation_tablet&quot;:&quot;&quot;,&quot;entranceAnimation_mobile&quot;:&quot;&quot;,&quot;videoAspectRatio&quot;:&quot;169&quot;}}\" data-e-action-hash=\"#elementor-action%3Aaction%3Dlightbox%26settings%3DeyJ0eXBlIjoidmlkZW8iLCJ2aWRlb1R5cGUiOiJ5b3V0dWJlIiwidXJsIjoiaHR0cHM6XC9cL3d3dy55b3V0dWJlLW5vY29va2llLmNvbVwvZW1iZWRcL3RoM2h3OVYxOEdjP2ZlYXR1cmU9b2VtYmVkJnN0YXJ0JmVuZCZ3bW9kZT1vcGFxdWUmbG9vcD0wJmNvbnRyb2xzPTEmbXV0ZT0wJnJlbD0wJm1vZGVzdGJyYW5kaW5nPTEiLCJtb2RhbE9wdGlvbnMiOnsiaWQiOiJlbGVtZW50b3ItbGlnaHRib3gtNTA1YTU5OWEiLCJlbnRyYW5jZUFuaW1hdGlvbiI6ImZhZGVJbkxlZnQiLCJlbnRyYW5jZUFuaW1hdGlvbl90YWJsZXQiOiIiLCJlbnRyYW5jZUFuaW1hdGlvbl9tb2JpbGUiOiIiLCJ2aWRlb0FzcGVjdFJhdGlvIjoiMTY5In19\">\n\t\t\t\t\t\t\t\t\t\t\t<img decoding=\"async\" width=\"580\" height=\"326\" src=\"https:\/\/regenerage.clinic\/wp-content\/uploads\/2023\/07\/CNN-Interviews-Collection-768x432.jpg\" class=\"attachment-medium_large size-medium_large wp-image-2230\" alt=\"News: CNN Latin America - RegenerAge\u00ae Elite Clinic\" srcset=\"https:\/\/regenerage.clinic\/wp-content\/uploads\/2023\/07\/CNN-Interviews-Collection-768x432.jpg 768w, https:\/\/regenerage.clinic\/wp-content\/uploads\/2023\/07\/CNN-Interviews-Collection-300x169.jpg 300w, https:\/\/regenerage.clinic\/wp-content\/uploads\/2023\/07\/CNN-Interviews-Collection-1024x576.jpg 1024w, https:\/\/regenerage.clinic\/wp-content\/uploads\/2023\/07\/CNN-Interviews-Collection-18x10.jpg 18w, https:\/\/regenerage.clinic\/wp-content\/uploads\/2023\/07\/CNN-Interviews-Collection-1200x675.jpg 1200w, https:\/\/regenerage.clinic\/wp-content\/uploads\/2023\/07\/CNN-Interviews-Collection-600x338.jpg 600w, https:\/\/regenerage.clinic\/wp-content\/uploads\/2023\/07\/CNN-Interviews-Collection.jpg 1280w\" sizes=\"(max-width: 580px) 100vw, 580px\" \/>\t\t\t\t\t\t\t\t\t\t\t\t\t\t\t\t<div class=\"elementor-custom-embed-play\" role=\"button\" aria-label=\"Reproducir video acerca de News: CNN Latin America - RegenerAge\u00ae Elite Clinic\" tabindex=\"0\">\n\t\t\t\t\t\t\t<i aria-hidden=\"true\" class=\"eicon-play\"><\/i>\t\t\t\t\t\t\t<span class=\"elementor-screen-only\">Reproducir video acerca de News: CNN Latin America - RegenerAge\u00ae Elite Clinic<\/span>\n\t\t\t\t\t\t<\/div>\n\t\t\t\t\t\t\t\t\t<\/div>\n\t\t\t\t\t<\/div>\n\t\t\t\t<\/div>\n\t\t\t\t<\/div>\n\t\t\t\t<div class=\"elementor-element elementor-element-617515ea elementor-widget elementor-widget-spacer\" data-id=\"617515ea\" data-element_type=\"widget\" data-widget_type=\"spacer.default\">\n\t\t\t\t<div class=\"elementor-widget-container\">\n\t\t\t\t\t<div class=\"elementor-spacer\">\n\t\t\t<div class=\"elementor-spacer-inner\"><\/div>\n\t\t<\/div>\n\t\t\t\t<\/div>\n\t\t\t\t<\/div>\n\t\t\t\t<\/div>\n\t\t<div class=\"elementor-element elementor-element-64795754 e-con-full e-flex elementor-invisible e-con e-child\" data-id=\"64795754\" data-element_type=\"container\" data-settings=\"{&quot;animation&quot;:&quot;fadeInRight&quot;,&quot;_ha_eqh_enable&quot;:false}\">\n\t\t\t\t<div class=\"elementor-element elementor-element-502712d9 elementor-widget elementor-widget-text-editor\" data-id=\"502712d9\" data-element_type=\"widget\" data-widget_type=\"text-editor.default\">\n\t\t\t\t<div class=\"elementor-widget-container\">\n\t\t\t\t\t\t\t<h3>EVENTO: RAAD FEST 2018<\/h3>\t\t\t\t\t\t<\/div>\n\t\t\t\t<\/div>\n\t\t\t\t<div class=\"elementor-element elementor-element-4eabd1b elementor-widget elementor-widget-video\" data-id=\"4eabd1b\" data-element_type=\"widget\" data-settings=\"{&quot;youtube_url&quot;:&quot;https:\\\/\\\/www.youtube.com\\\/watch?v=UpR-iGsbQXs&quot;,&quot;modestbranding&quot;:&quot;yes&quot;,&quot;yt_privacy&quot;:&quot;yes&quot;,&quot;lazy_load&quot;:&quot;yes&quot;,&quot;image_overlay&quot;:{&quot;url&quot;:&quot;https:\\\/\\\/regenerage.clinic\\\/wp-content\\\/uploads\\\/2023\\\/07\\\/RAAD-Fest-2018-San-Diego.jpg&quot;,&quot;id&quot;:2231,&quot;size&quot;:&quot;&quot;,&quot;alt&quot;:&quot;Events: RAAD Fest 2018 - RegenerAge\\u00ae Elite Clinic&quot;,&quot;source&quot;:&quot;library&quot;},&quot;lightbox&quot;:&quot;yes&quot;,&quot;lightbox_content_animation&quot;:&quot;fadeInRight&quot;,&quot;show_image_overlay&quot;:&quot;yes&quot;,&quot;video_type&quot;:&quot;youtube&quot;,&quot;controls&quot;:&quot;yes&quot;}\" data-widget_type=\"video.default\">\n\t\t\t\t<div class=\"elementor-widget-container\">\n\t\t\t\t\t<div class=\"elementor-wrapper elementor-open-lightbox\">\n\t\t\t\t\t\t\t<div class=\"elementor-custom-embed-image-overlay\" data-elementor-open-lightbox=\"yes\" data-elementor-lightbox=\"{&quot;type&quot;:&quot;video&quot;,&quot;videoType&quot;:&quot;youtube&quot;,&quot;url&quot;:&quot;https:\\\/\\\/www.youtube-nocookie.com\\\/embed\\\/UpR-iGsbQXs?feature=oembed&amp;start&amp;end&amp;wmode=opaque&amp;loop=0&amp;controls=1&amp;mute=0&amp;rel=0&amp;modestbranding=1&quot;,&quot;modalOptions&quot;:{&quot;id&quot;:&quot;elementor-lightbox-4eabd1b&quot;,&quot;entranceAnimation&quot;:&quot;fadeInRight&quot;,&quot;entranceAnimation_tablet&quot;:&quot;&quot;,&quot;entranceAnimation_mobile&quot;:&quot;&quot;,&quot;videoAspectRatio&quot;:&quot;169&quot;}}\" data-e-action-hash=\"#elementor-action%3Aaction%3Dlightbox%26settings%3DeyJ0eXBlIjoidmlkZW8iLCJ2aWRlb1R5cGUiOiJ5b3V0dWJlIiwidXJsIjoiaHR0cHM6XC9cL3d3dy55b3V0dWJlLW5vY29va2llLmNvbVwvZW1iZWRcL1VwUi1pR3NiUVhzP2ZlYXR1cmU9b2VtYmVkJnN0YXJ0JmVuZCZ3bW9kZT1vcGFxdWUmbG9vcD0wJmNvbnRyb2xzPTEmbXV0ZT0wJnJlbD0wJm1vZGVzdGJyYW5kaW5nPTEiLCJtb2RhbE9wdGlvbnMiOnsiaWQiOiJlbGVtZW50b3ItbGlnaHRib3gtNGVhYmQxYiIsImVudHJhbmNlQW5pbWF0aW9uIjoiZmFkZUluUmlnaHQiLCJlbnRyYW5jZUFuaW1hdGlvbl90YWJsZXQiOiIiLCJlbnRyYW5jZUFuaW1hdGlvbl9tb2JpbGUiOiIiLCJ2aWRlb0FzcGVjdFJhdGlvIjoiMTY5In19\">\n\t\t\t\t\t\t\t\t\t\t\t<img decoding=\"async\" width=\"580\" height=\"326\" src=\"https:\/\/regenerage.clinic\/wp-content\/uploads\/2023\/07\/RAAD-Fest-2018-San-Diego-768x432.jpg\" class=\"attachment-medium_large size-medium_large wp-image-2231\" alt=\"\" srcset=\"https:\/\/regenerage.clinic\/wp-content\/uploads\/2023\/07\/RAAD-Fest-2018-San-Diego-768x432.jpg 768w, https:\/\/regenerage.clinic\/wp-content\/uploads\/2023\/07\/RAAD-Fest-2018-San-Diego-300x169.jpg 300w, https:\/\/regenerage.clinic\/wp-content\/uploads\/2023\/07\/RAAD-Fest-2018-San-Diego-1024x576.jpg 1024w, https:\/\/regenerage.clinic\/wp-content\/uploads\/2023\/07\/RAAD-Fest-2018-San-Diego-18x10.jpg 18w, https:\/\/regenerage.clinic\/wp-content\/uploads\/2023\/07\/RAAD-Fest-2018-San-Diego-1200x675.jpg 1200w, https:\/\/regenerage.clinic\/wp-content\/uploads\/2023\/07\/RAAD-Fest-2018-San-Diego-600x338.jpg 600w, https:\/\/regenerage.clinic\/wp-content\/uploads\/2023\/07\/RAAD-Fest-2018-San-Diego.jpg 1280w\" sizes=\"(max-width: 580px) 100vw, 580px\" \/>\t\t\t\t\t\t\t\t\t\t\t\t\t\t\t\t<div class=\"elementor-custom-embed-play\" role=\"button\" aria-label=\"Reproducir video acerca de Events: RAAD Fest 2018 - RegenerAge\u00ae Elite Clinic\" tabindex=\"0\">\n\t\t\t\t\t\t\t<i aria-hidden=\"true\" class=\"eicon-play\"><\/i>\t\t\t\t\t\t\t<span class=\"elementor-screen-only\">Reproducir video acerca de Events: RAAD Fest 2018 - RegenerAge\u00ae Elite Clinic<\/span>\n\t\t\t\t\t\t<\/div>\n\t\t\t\t\t\t\t\t\t<\/div>\n\t\t\t\t\t<\/div>\n\t\t\t\t<\/div>\n\t\t\t\t<\/div>\n\t\t\t\t<div class=\"elementor-element elementor-element-44e68681 elementor-widget elementor-widget-spacer\" data-id=\"44e68681\" data-element_type=\"widget\" data-widget_type=\"spacer.default\">\n\t\t\t\t<div class=\"elementor-widget-container\">\n\t\t\t\t\t<div class=\"elementor-spacer\">\n\t\t\t<div class=\"elementor-spacer-inner\"><\/div>\n\t\t<\/div>\n\t\t\t\t<\/div>\n\t\t\t\t<\/div>\n\t\t\t\t<\/div>\n\t\t\t\t\t<\/div>\n\t\t\t\t<\/div>\n\t\t\t\t<\/div>","protected":false},"excerpt":{"rendered":"<p>NEWS &amp; MEDIA Learn about our latest updates, promotions, press &amp; media appearances, and medical events in our dedicated news section. RegenerAge\u00ae is internationally recognized for our outstanding collaboration with universities and physicians worldwide. INTERVIEW: CNN LATIN AMERICA EVENT: RAAD FEST 2018<\/p>","protected":false},"author":1,"featured_media":1266,"parent":0,"menu_order":0,"comment_status":"closed","ping_status":"closed","template":"","meta":{"footnotes":"","_joinchat":[]},"acf":[],"_links":{"self":[{"href":"https:\/\/regenerage.clinic\/es\/wp-json\/wp\/v2\/pages\/759"}],"collection":[{"href":"https:\/\/regenerage.clinic\/es\/wp-json\/wp\/v2\/pages"}],"about":[{"href":"https:\/\/regenerage.clinic\/es\/wp-json\/wp\/v2\/types\/page"}],"author":[{"embeddable":true,"href":"https:\/\/regenerage.clinic\/es\/wp-json\/wp\/v2\/users\/1"}],"replies":[{"embeddable":true,"href":"https:\/\/regenerage.clinic\/es\/wp-json\/wp\/v2\/comments?post=759"}],"version-history":[{"count":0,"href":"https:\/\/regenerage.clinic\/es\/wp-json\/wp\/v2\/pages\/759\/revisions"}],"wp:featuredmedia":[{"embeddable":true,"href":"https:\/\/regenerage.clinic\/es\/wp-json\/wp\/v2\/media\/1266"}],"wp:attachment":[{"href":"https:\/\/regenerage.clinic\/es\/wp-json\/wp\/v2\/media?parent=759"}],"curies":[{"name":"wp","href":"https:\/\/api.w.org\/{rel}","templated":true}]}}