{"id":3,"date":"2021-06-03T12:56:42","date_gmt":"2021-06-03T12:56:42","guid":{"rendered":"https:\/\/regenerage.clinic\/?page_id=3"},"modified":"2023-05-09T11:44:24","modified_gmt":"2023-05-09T11:44:24","slug":"privacy","status":"publish","type":"page","link":"https:\/\/regenerage.clinic\/es\/privacy\/","title":{"rendered":"Pol\u00edtica de Privacidad"},"content":{"rendered":"<div class=\"elementor-element elementor-element-1c80730f elementor-widget elementor-widget-text-editor\" style=\"text-align: justify;\" data-id=\"1c80730f\" data-element_type=\"widget\" data-widget_type=\"text-editor.default\">\r\n<div class=\"elementor-widget-container\">\r\n<h1 class=\"wp-block-heading\" style=\"text-align: center;\">POL\u00cdTICA DE PRIVACIDAD<\/h1>\r\n<p>&nbsp;<\/p>\r\n<p>&nbsp;<\/p>\r\n<p>RegenerAge\u00ae Elite Clinic y sus afiliados (\"REGENERAGE\" o \"nosotros\") se comprometen a proteger la privacidad de la informaci\u00f3n de identificaci\u00f3n personal que recopilamos de usted mientras usa este sitio web (el \"Sitio\"). El alcance del compromiso de REGENERAGE se detalla en esta Pol\u00edtica de Privacidad. Al enviar informaci\u00f3n, usted acepta que REGENERAGE utilice dicha informaci\u00f3n como se describe en este documento.<\/p>\r\n<p>&nbsp;<\/p>\r\n<p><strong>\u00bfQu\u00e9 informaci\u00f3n de identificaci\u00f3n personal se recopila?<\/strong><\/p>\r\n<p>&nbsp;<\/p>\r\n<p>REGENERAGE recopila informaci\u00f3n de identificaci\u00f3n personal (\"Informaci\u00f3n personal\") en ciertas \u00e1reas del Sitio cuando los usuarios se registran, solicitan informaci\u00f3n o una respuesta, se inscriben en eventos, solicitan trabajos y participan en \u00e1reas de publicaci\u00f3n de usuarios, como tableros de anuncios, debates. foros, blogs y encuestas. La informaci\u00f3n de identificaci\u00f3n personal recopilada puede incluir, entre otros, su ID\/contrase\u00f1a de acceso, afiliaciones de la empresa o la escuela e informaci\u00f3n de contacto (nombres, direcciones postales y de correo electr\u00f3nico, n\u00fameros de tel\u00e9fono\/fax).<\/p>\r\n<p>&nbsp;<\/p>\r\n<p><strong>\u00bfC\u00f3mo se puede usar mi informaci\u00f3n personal?<\/strong><\/p>\r\n<p>&nbsp;<\/p>\r\n<p>REGENERAGE utiliza su informaci\u00f3n personal para cumplir con sus solicitudes de informaci\u00f3n para procesar sus solicitudes para participar en eventos y para revisar y considerar cualquier consulta relacionada con el empleo que pueda enviar. Podemos mantener su informaci\u00f3n personal en un archivo y usarla para comunicarnos con usted con fines de reclutamiento. REGENERAGE tambi\u00e9n puede usar informaci\u00f3n personal para analizar el comportamiento de los usuarios del sitio a fin de medir el inter\u00e9s en elementos espec\u00edficos publicados en nuestro sitio. Las direcciones de correo electr\u00f3nico proporcionadas en el registro permiten que REGENERAGE env\u00ede correos electr\u00f3nicos a las personas en funci\u00f3n de las \u00e1reas de inter\u00e9s que indiquen durante el proceso de registro. REGENERAGE utiliza informaci\u00f3n personal recopilada de cookies y direcciones IP como se describe a continuaci\u00f3n.<\/p>\r\n<p>&nbsp;<\/p>\r\n<p><strong>Cumplimiento de GDPR con el uso de software<\/strong><\/p>\r\n<p>&nbsp;<\/p>\r\n<ol>\r\n<li>Recopilamos los datos de su perfil p\u00fablico solo a partir de su consentimiento que otorga antes de iniciar el inicio de sesi\u00f3n social, desde la red social utilizada para iniciar sesi\u00f3n en nuestro sitio web. Estos datos incluyen su nombre, apellido, direcci\u00f3n de correo electr\u00f3nico, enlace a su perfil de redes sociales, identificador \u00fanico, enlace al avatar del perfil social. Estos datos se utilizan para crear su perfil de usuario en nuestro sitio web. Puede revocar este consentimiento en cualquier momento envi\u00e1ndonos un correo electr\u00f3nico.<\/li>\r\n<li>Incorporamos un widget de Facebook para permitirle ver el n\u00famero de Me gusta\/Compartir\/Recomendar y \"Me gusta\/Compartir\/Recomendar\" nuestras p\u00e1ginas web. Este widget puede recopilar su direcci\u00f3n IP, el agente de usuario de su navegador web, almacenar y recuperar cookies en su navegador, incrustar seguimiento adicional y monitorear su interacci\u00f3n con el widget, incluida la correlaci\u00f3n de su cuenta de Facebook con cualquier acci\u00f3n que realice dentro del widget (como \u201cgustar\/compartir\/recomendar\u201d nuestra p\u00e1gina web), si est\u00e1 conectado a Facebook. Para obtener m\u00e1s informaci\u00f3n sobre c\u00f3mo se pueden usar estos datos, consulte la pol\u00edtica de privacidad de datos de Facebook: https:\/\/www.facebook.com\/about\/privacy\/update<\/li>\r\n<li>Usamos el widget Reddit Badge en nuestro sitio web que\u00a0puede registrar informaci\u00f3n cuando interact\u00faa con el widget. Esto puede incluir su direcci\u00f3n IP, cadena de agente de usuario, tipo de navegador, sistema operativo, URL de referencia, informaci\u00f3n del dispositivo (por ejemplo, ID de dispositivo), p\u00e1ginas visitadas, enlaces en los que se hizo clic, interacciones del usuario (por ejemplo, datos de votaci\u00f3n), la URL solicitada y el hardware. configuraci\u00f3n, de acuerdo con su pol\u00edtica de privacidad:\u00a0https:\/\/www.redditinc.com\/policies\/privacy-policy<\/li>\r\n<li>Usamos el widget StumbleUpon Badge en nuestro sitio web que\u00a0puede registrar informaci\u00f3n cuando interact\u00faa con el widget. Los datos de registro son una forma de informaci\u00f3n no identificable, de acuerdo con su pol\u00edtica de privacidad:\u00a0http:\/\/www.stumbleupon.com\/privacy<\/li>\r\n<li>Utilizamos el widget Guardar de Pinterest en nuestro sitio web para permitirle fijar im\u00e1genes a Pinterest desde nuestras p\u00e1ginas web. Estas solicitudes pueden rastrear su direcci\u00f3n IP de acuerdo con su pol\u00edtica de privacidad de datos: https:\/\/policy.pinterest.com\/en\/privacy-policy<\/li>\r\n<li>Utilizamos un widget para compartir de Linkedin en nuestro sitio web para permitirle compartir nuestras p\u00e1ginas web en\u00a0Linkedin. Estas solicitudes pueden rastrear su direcci\u00f3n IP de acuerdo con su pol\u00edtica de privacidad de datos:\u00a0https:\/\/www.linkedin.com\/legal\/privacy-policy<\/li>\r\n<li>Usamos un widget de Twitter Tweet en nuestro sitio web. Como resultado, nuestro sitio web realiza solicitudes a los servidores de Twitter para que pueda twittear nuestras p\u00e1ginas web utilizando su cuenta de Twitter. Estas solicitudes hacen que su direcci\u00f3n IP sea visible para Twitter, quien puede usarla de acuerdo con su pol\u00edtica de privacidad de datos: https:\/\/twitter.com\/en\/privacy#update<\/li>\r\n<li>Usamos Google Analytics para rastrear las acciones sociales realizadas en nuestro sitio web. Google recopila y almacena autom\u00e1ticamente cierta informaci\u00f3n en los registros de su servidor, que incluye informaci\u00f3n sobre eventos del dispositivo, como fallas, actividad del sistema, configuraci\u00f3n del hardware, tipo de navegador, idioma del navegador, fecha y hora de su solicitud y URL de referencia, cookies que pueden identificar de manera \u00fanica a su navegador. o su cuenta de Google, de acuerdo con su pol\u00edtica de privacidad de datos: https:\/\/policies.google.com\/privacy<\/li>\r\n<\/ol>\r\n<p>&nbsp;<\/p>\r\n<p><strong>\u00bfSe utilizan cookies y direcciones IP?<\/strong><\/p>\r\n<p>&nbsp;<\/p>\r\n<p>El Sitio utiliza cookies para identificarlo a usted y sus intereses y para rastrear el uso del Sitio. Las cookies son peque\u00f1os fragmentos de texto almacenados en su computadora que nos ayudan a saber qu\u00e9 navegador est\u00e1 utilizando y d\u00f3nde ha estado en el Sitio y en los sitios web a los que puede vincularse para usar algunas de nuestras funciones. Las cookies tambi\u00e9n nos permiten saber si se ha registrado con nosotros y nos permiten relacionar su uso actual del Sitio con el uso anterior de este u otros Sitios de REGENERAGE o sus afiliados. Al aceptar nuestra cookie, se le permitir\u00e1 acceder a ciertas p\u00e1ginas del Sitio sin tener que iniciar sesi\u00f3n cada vez que lo visite. Es posible que un usuario que no acepte la cookie del Sitio no pueda acceder a ciertas \u00e1reas del Sitio. REGENERAGE tambi\u00e9n registra las direcciones IP, o la ubicaci\u00f3n de las computadoras en Internet, para ayudar a diagnosticar problemas con nuestro servidor y administrar el Sitio.<\/p>\r\n<p>&nbsp;<\/p>\r\n<p><strong>\u00bfSe divulga la informaci\u00f3n de identificaci\u00f3n personal a terceros?<\/strong><\/p>\r\n<p>&nbsp;<\/p>\r\n<p>REGENERAGE no divulgar\u00e1 intencionalmente (y tomar\u00e1 medidas comercialmente razonables para evitar la divulgaci\u00f3n accidental de) su informaci\u00f3n personal a terceros (es decir, personas o entidades que no son afiliadas de REGENERAGE), excepto seg\u00fan lo establecido en esta Pol\u00edtica.<\/p>\r\n<p>&nbsp;<\/p>\r\n<ol>\r\n<li>REGENERAGE puede divulgar su informaci\u00f3n personal a terceros seg\u00fan lo exijan o permitan las leyes, normas y reglamentos de cualquier naci\u00f3n, estado u otra jurisdicci\u00f3n aplicable;<\/li>\r\n<li>REGENERAGE puede divulgar su informaci\u00f3n personal a terceros que le entreguen informaci\u00f3n con el fin de realizar dicha entrega;<\/li>\r\n<li>REGENERAGE puede divulgar su informaci\u00f3n personal si, en relaci\u00f3n con el env\u00edo de la informaci\u00f3n, usted da su consentimiento para dicha divulgaci\u00f3n;<\/li>\r\n<li>REGENERAGE puede divulgar su informaci\u00f3n de contacto en respuesta a consultas de propietarios de derechos de buena fe en relaci\u00f3n con denuncias de infracci\u00f3n de derechos de autor u otros derechos de propiedad que surjan de la informaci\u00f3n que haya publicado en el Sitio o que haya proporcionado de otro modo a REGENERAGE;<\/li>\r\n<li>Si REGENERAGE y\/o cualquiera de sus afiliadas se fusiona o vende sustancialmente todos sus activos o la mayor\u00eda de su capital a un tercero, la informaci\u00f3n recopilada por REGENERAGE o dichas afiliadas en sus sitios web puede divulgarse y convertirse en propiedad de la empresa fusionada. entidad o tercero. Cualquier entidad fusionada o tercero puede tener diferentes pol\u00edticas de privacidad.<\/li>\r\n<\/ol>\r\n<p>&nbsp;<\/p>\r\n<p><strong>Enlaces a sitios de terceros<\/strong><\/p>\r\n<p>&nbsp;<\/p>\r\n<p>Podemos proporcionar enlaces a sitios web de terceros como un servicio para nuestros usuarios. Adem\u00e1s, parte del contenido que parece estar en este Sitio es de hecho proporcionado por terceros, por ejemplo, en casos de creaci\u00f3n de marcos de sitios web de terceros o incorporaci\u00f3n a trav\u00e9s de conjuntos de marcos de contenido proporcionado por servidores de terceros. No podemos controlar y no somos responsables de la recopilaci\u00f3n de informaci\u00f3n y las pr\u00e1cticas de privacidad de dichos sitios web de terceros, que pueden diferir de las de este Sitio.<\/p>\r\n<p>&nbsp;<\/p>\r\n<p><strong>\u00bfC\u00f3mo puedo darme de baja de listas de correo y registros?<\/strong><\/p>\r\n<p>&nbsp;<\/p>\r\n<p>Puede acceder, corregir, actualizar y\/o eliminar cualquier Informaci\u00f3n personal que haya enviado al Sitio. Tambi\u00e9n puede darse de baja de las listas de correo o de cualquier registro en el Sitio. Para hacerlo, siga las instrucciones en la p\u00e1gina del Sitio en la que proporcion\u00f3 dicha informaci\u00f3n o se suscribi\u00f3 o registr\u00f3 o cont\u00e1ctenos en <a href=\"mailto:info@regenerage.clinic\">info@regenerage.clinic<\/a>.\u00a0<\/p>\r\n<p>&nbsp;<\/p>\r\n<p><strong>Seguridad<\/strong><\/p>\r\n<p>&nbsp;<\/p>\r\n<p>REGENERAGE ha implementado est\u00e1ndares de tecnolog\u00eda y seguridad operativa generalmente aceptados para proteger la informaci\u00f3n personal de p\u00e9rdida, uso indebido, alteraci\u00f3n o destrucci\u00f3n. Solo el personal autorizado de REGENERAGE tiene acceso a la informaci\u00f3n personal. A pesar de estas precauciones, REGENERAGE no puede garantizar que personas no autorizadas no obtengan acceso a su informaci\u00f3n personal.<\/p>\r\n<p>&nbsp;<\/p>\r\n<p><strong>Consentimiento<\/strong><\/p>\r\n<p>&nbsp;<\/p>\r\n<p>Al usar el Sitio, usted acepta que recopilemos, usemos y almacenemos su informaci\u00f3n de la manera descrita en esta Pol\u00edtica de privacidad y en otras partes del Sitio. Nos reservamos el derecho de hacer cambios a esta Pol\u00edtica de Privacidad de vez en cuando. Le avisaremos de dichos cambios actualizando esta Pol\u00edtica de privacidad.<\/p>\r\n<p>&nbsp;<\/p>\r\n<p><strong>Fecha efectiva<\/strong><\/p>\r\n<p>&nbsp;<\/p>\r\n<p>Esta pol\u00edtica se actualiz\u00f3 en marzo de 2023.<\/p>\r\n<p>&nbsp;<\/p>\r\n<p>Correo electr\u00f3nico:\u00a0<a href=\"mailto:info@regenerage.clinic\">info@regenerage.clinic<\/a><\/p>\r\n<p>&nbsp;<\/p>\r\n<\/div>\r\n<\/div>\r\n<div class=\"elementor-element elementor-element-7d44244 elementor-widget elementor-widget-spacer\" style=\"text-align: justify;\" data-id=\"7d44244\" data-element_type=\"widget\" data-widget_type=\"spacer.default\">\r\n<div class=\"elementor-widget-container\">\r\n<div class=\"elementor-spacer\">\u00a0<\/div>\r\n<\/div>\r\n<\/div>","protected":false},"excerpt":{"rendered":"<p>PRIVACY POLICY &nbsp; &nbsp; RegenerAge\u00ae Elite Clinic and its affiliates (\u201cREGENERAGE\u201d or \u201cwe\u201d) are committed to protecting the privacy of the personally-identifiable information that we collect from you as you use this Website (the \u201cSite\u201d). The scope of REGENERAGE\u2019s commitment is detailed in this Privacy Policy. By submitting information, you agree to REGENERAGE\u2019s use of [&hellip;]<\/p>","protected":false},"author":1,"featured_media":1264,"parent":0,"menu_order":0,"comment_status":"closed","ping_status":"closed","template":"","meta":{"footnotes":"","_joinchat":[]},"acf":[],"_links":{"self":[{"href":"https:\/\/regenerage.clinic\/es\/wp-json\/wp\/v2\/pages\/3"}],"collection":[{"href":"https:\/\/regenerage.clinic\/es\/wp-json\/wp\/v2\/pages"}],"about":[{"href":"https:\/\/regenerage.clinic\/es\/wp-json\/wp\/v2\/types\/page"}],"author":[{"embeddable":true,"href":"https:\/\/regenerage.clinic\/es\/wp-json\/wp\/v2\/users\/1"}],"replies":[{"embeddable":true,"href":"https:\/\/regenerage.clinic\/es\/wp-json\/wp\/v2\/comments?post=3"}],"version-history":[{"count":0,"href":"https:\/\/regenerage.clinic\/es\/wp-json\/wp\/v2\/pages\/3\/revisions"}],"wp:featuredmedia":[{"embeddable":true,"href":"https:\/\/regenerage.clinic\/es\/wp-json\/wp\/v2\/media\/1264"}],"wp:attachment":[{"href":"https:\/\/regenerage.clinic\/es\/wp-json\/wp\/v2\/media?parent=3"}],"curies":[{"name":"wp","href":"https:\/\/api.w.org\/{rel}","templated":true}]}}