{"id":157,"date":"2021-06-03T16:35:32","date_gmt":"2021-06-03T16:35:32","guid":{"rendered":"https:\/\/regenerage.clinic\/?page_id=157"},"modified":"2025-03-11T20:13:55","modified_gmt":"2025-03-12T02:13:55","slug":"contact","status":"publish","type":"page","link":"https:\/\/regenerage.clinic\/es\/contact\/","title":{"rendered":"Contacto"},"content":{"rendered":"<div data-elementor-type=\"wp-page\" data-elementor-id=\"157\" class=\"elementor elementor-157\">\n\t\t\t\t\t\t<section class=\"elementor-section elementor-top-section elementor-element elementor-element-ec37d00 elementor-section-boxed elementor-section-height-default elementor-section-height-default\" data-id=\"ec37d00\" data-element_type=\"section\" data-settings=\"{&quot;_ha_eqh_enable&quot;:false}\">\n\t\t\t\t\t\t<div class=\"elementor-container elementor-column-gap-default\">\n\t\t\t\t\t<div class=\"elementor-column elementor-col-100 elementor-top-column elementor-element elementor-element-bba380b\" data-id=\"bba380b\" data-element_type=\"column\">\n\t\t\t<div class=\"elementor-widget-wrap elementor-element-populated\">\n\t\t\t\t\t\t<div class=\"elementor-element elementor-element-3c692ad elementor-widget elementor-widget-contact-info\" data-id=\"3c692ad\" data-element_type=\"widget\" data-widget_type=\"contact-info.default\">\n\t\t\t\t<div class=\"elementor-widget-container\">\n\t\t\t\t\t\t<!-- SECTION CONTENTG START -->\n            <div class=\"section-full p-tb80 inner-page-padding\">\n\t\t\t\t<div class=\"section-content\">\n\t\t\t\t\t<!-- CONTACT FORM-->\n\t\t\t\t\t<div class=\"row\">\n\t\t\t\t\t\t<div class=\"col-lg-8 col-md-12 col-sm-12\">\n\t\t\t\t\t\t\t\n<div class=\"wpcf7 no-js\" id=\"wpcf7-f841-o1\" lang=\"en-US\" dir=\"ltr\">\n<div class=\"screen-reader-response\"><p role=\"status\" aria-live=\"polite\" aria-atomic=\"true\"><\/p> <ul><\/ul><\/div>\n<form action=\"\/es\/wp-json\/wp\/v2\/pages\/157#wpcf7-f841-o1\" method=\"post\" class=\"wpcf7-form init\" aria-label=\"Contact form\" novalidate=\"novalidate\" data-status=\"init\" data-trp-original-action=\"\/es\/wp-json\/wp\/v2\/pages\/157#wpcf7-f841-o1\">\n<div style=\"display: none;\">\n<input type=\"hidden\" name=\"_wpcf7\" value=\"841\" \/>\n<input type=\"hidden\" name=\"_wpcf7_version\" value=\"5.9.4\" \/>\n<input type=\"hidden\" name=\"_wpcf7_locale\" value=\"en_US\" \/>\n<input type=\"hidden\" name=\"_wpcf7_unit_tag\" value=\"wpcf7-f841-o1\" \/>\n<input type=\"hidden\" name=\"_wpcf7_container_post\" value=\"0\" \/>\n<input type=\"hidden\" name=\"_wpcf7_posted_data_hash\" value=\"\" \/>\n<input type=\"hidden\" name=\"_wpcf7_recaptcha_response\" value=\"\" \/>\n<\/div>\n<div class=\"contact-form cons-contact-form bg-gray p-a30\">\n\t<div class=\"contact-one\">\n\t\t<div class=\"section-head\">\n\t\t\t<div class=\"sx-separator-outer separator-left\">\n\t\t\t\t<div class=\"sx-separator bg-white bg-moving bg-repeat-x\">\n\t\t\t\t\t<h3 class=\"sep-line-one\">Forma de Contacto\n\t\t\t\t\t<\/h3>\n\t\t\t\t<\/div>\n\t\t\t<\/div>\n\t\t<\/div>\n\t\t<div>\n\t\t\t<h5><strong>Agende su cita hoy para comenzar a encontrar su nuevo yo.<strong><\/strong><\/strong>\n\t\t\t<\/h5>\n\t\t<\/div>\n\t\t<div class=\"form-group\">\n\t\t\t<p><span class=\"wpcf7-form-control-wrap\" data-name=\"Name\"><input size=\"40\" class=\"wpcf7-form-control wpcf7-text wpcf7-validates-as-required form-control\" aria-required=\"true\" aria-invalid=\"false\" placeholder=\"*Nombre Completo\" value=\"\" type=\"text\" name=\"Name\" \/><\/span>\n\t\t\t<\/p>\n\t\t<\/div>\n\t\t<div class=\"form-group\">\n\t\t\t<p><span class=\"wpcf7-form-control-wrap\" data-name=\"Telephone\"><input size=\"40\" class=\"wpcf7-form-control wpcf7-tel wpcf7-validates-as-required wpcf7-text wpcf7-validates-as-tel form-control\" aria-required=\"true\" aria-invalid=\"false\" placeholder=\"*Tel\u00e9fono\" value=\"\" type=\"tel\" name=\"Telephone\" \/><\/span>\n\t\t\t<\/p>\n\t\t<\/div>\n\t\t<div class=\"form-group\">\n\t\t\t<p><span class=\"wpcf7-form-control-wrap\" data-name=\"Email\"><input size=\"40\" class=\"wpcf7-form-control wpcf7-email wpcf7-validates-as-required wpcf7-text wpcf7-validates-as-email form-control\" aria-required=\"true\" aria-invalid=\"false\" placeholder=\"*Correo Electr\u00f3nico\" value=\"\" type=\"email\" name=\"Email\" \/><\/span>\n\t\t\t<\/p>\n\t\t<\/div>\n\t\t<div class=\"form-group\">\n\t\t\t<p><strong>*Tipo de Tratamiento: <\/strong><span class=\"wpcf7-form-control-wrap\" data-name=\"menu-758\"><select class=\"wpcf7-form-control wpcf7-select wpcf7-validates-as-required\" aria-required=\"true\" aria-invalid=\"false\" name=\"menu-758\"><option value=\"\">&#8212;Please choose an option&#8212;<\/option><option value=\"General &amp; Laparoscopic Surgery\">Cirug\u00eda General y Laparosc\u00f3pica<\/option><option value=\"Minimally Invasive Orthopedic Surgery\">Tratamiento Ortop\u00e9dico de M\u00ednima Invasi\u00f3n<\/option><option value=\"Pain Management Clinic\">Cl\u00ednica de Manejo del Dolor<\/option><option value=\"Urology \/ Andrology\">Urolog\u00eda \/ Androlog\u00eda<\/option><option value=\"Metabolic &amp; Weight Management\">Control Metab\u00f3lico y de Peso<\/option><\/select><\/span>\n\t\t\t<\/p>\n\t\t<\/div>\n\t\t<div class=\"form-group\">\n\t\t\t<p><span class=\"wpcf7-form-control-wrap\" data-name=\"Message\"><textarea cols=\"40\" rows=\"10\" class=\"wpcf7-form-control wpcf7-textarea wpcf7-validates-as-required form-control\" aria-required=\"true\" aria-invalid=\"false\" placeholder=\"*Comentarios Adicionales\" name=\"Message\"><\/textarea><\/span>\n\t\t\t<\/p>\n\t\t<\/div>\n\t\t<div class=\"text-left\">\n\t\t\t<p><input class=\"wpcf7-form-control wpcf7-submit has-spinner site-button btn-half\" type=\"submit\" value=\"Enviar\" \/>\n\t\t\t<\/p>\n\t\t<\/div>\n\t\t<div class=\"form-group\">\n\t\t\t<p><small>*Sitio protegido por reCAPTCHA de Google y su <a href=\"https:\/\/policies.google.com\/privacy\">Pol\u00edtica de Privacidad<\/a> y <a href=\"https:\/\/policies.google.com\/terms\">T\u00e9rminos de Servicio<\/a> se aplican.<\/small>\n\t\t\t<\/p>\n\t\t<\/div>\n\t<\/div>\n<\/div><div class=\"wpcf7-response-output\" aria-hidden=\"true\"><\/div>\n<input type=\"hidden\" name=\"trp-form-language\" value=\"es\"\/><\/form>\n<\/div>\n\t\t\t\t\t\t<\/div>                        \n\t\t\t\t\t\t<div class=\"col-lg-4 col-md-12 col-sm-12\">\n\t\t\t\t\t\t\t<div class=\"contact-info block-shadow bg-white bg-center p-a40\" style=\"background-image:url(https:\/\/regenerage.clinic\/wp-content\/themes\/inteshape\/assets\/images\/bg-map.png)\">\n\t\t\t\t\t\t\t\t<div>\n\t\t\t\t\t\t\t\t\t<!-- TITLE START -->\n\t\t\t\t\t\t\t\t\t<div class=\"section-head\">\n\t\t\t\t\t\t\t\t\t\t<div class=\"sx-separator-outer separator-left\">\n\t\t\t\t\t\t\t\t\t\t\t<div class=\"sx-separator bg-white bg-moving bg-repeat-x\">\n\t\t\t\t\t\t\t\t\t\t\t\t<h3 class=\"sep-line-one\">Informaci\u00f3n<\/h3>\n\t\t\t\t\t\t\t\t\t\t\t<\/div>\n\t\t\t\t\t\t\t\t\t\t<\/div>\n\t\t\t\t\t\t\t\t\t<\/div>                                        \n\t\t\t\t\t\t\t\t\t                                                                    \n\t\t\t\t\t\t\t\t\t\t<div class=\"sx-icon-box-wraper left p-b30\">\n\t\t\t\t\t\t\t\t\t\t\t<div class=\"icon-xs\"><i class=\"fa fa-envelope\"><\/i><\/div>\n\t\t\t\t\t\t\t\t\t\t\t<div class=\"icon-content\">\n\t\t\t\t\t\t\t\t\t\t\t\t<h5 class=\"m-t0\">Correo Electr\u00f3nico<\/h5>\n\t\t\t\t\t\t\t\t\t\t\t\t<p>drosorio@regenerage.clinic<\/p>\n\t\t\t\t\t\t\t\t\t\t\t<\/div>\n\t\t\t\t\t\t\t\t\t\t<\/div>\n\t\t\t\t\t\t\t\t\t\t                                                                    \n\t\t\t\t\t\t\t\t\t\t<div class=\"sx-icon-box-wraper left p-b30\">\n\t\t\t\t\t\t\t\t\t\t\t<div class=\"icon-xs\"><i class=\"fa fa-map-marker\"><\/i><\/div>\n\t\t\t\t\t\t\t\t\t\t\t<div class=\"icon-content\">\n\t\t\t\t\t\t\t\t\t\t\t\t<h5 class=\"m-t0\">M\u00e9xico \ud83c\uddf2\ud83c\uddfd<\/h5>\n\t\t\t\t\t\t\t\t\t\t\t\t<p>Cerro de Mayka 110, Lomas de Chapultepec II Secc, 11000 CDMX, M\u00e9xico<\/p>\n\t\t\t\t\t\t\t\t\t\t\t<\/div>\n\t\t\t\t\t\t\t\t\t\t<\/div>\n\t\t\t\t\t\t\t\t\t\t                                                                    \n\t\t\t\t\t\t\t\t\t\t<div class=\"sx-icon-box-wraper left p-b30\">\n\t\t\t\t\t\t\t\t\t\t\t<div class=\"icon-xs\"><i class=\"fa fa-phone\"><\/i><\/div>\n\t\t\t\t\t\t\t\t\t\t\t<div class=\"icon-content\">\n\t\t\t\t\t\t\t\t\t\t\t\t<h5 class=\"m-t0\">Tel\u00e9fono de Oficina<\/h5>\n\t\t\t\t\t\t\t\t\t\t\t\t<p>+1 (773) 441-7730<\/p>\n\t\t\t\t\t\t\t\t\t\t\t<\/div>\n\t\t\t\t\t\t\t\t\t\t<\/div>\n\t\t\t\t\t\t\t\t\t\t\t\t\t\t\t\t\t\t<\/div>\n\t\t\t\t\t\t\t<\/div>\n\t\t\t\t\t\t<\/div>                        \n\t\t\t\t\t<\/div>\n\t\t\t\t<\/div> \n\t\t\t<\/div>\n\t\t\t\t\t<\/div>\n\t\t\t\t<\/div>\n\t\t\t\t\t<\/div>\n\t\t<\/div>\n\t\t\t\t\t<\/div>\n\t\t<\/section>\n\t\t\t\t<section class=\"elementor-section elementor-top-section elementor-element elementor-element-5c60a48 elementor-section-full_width elementor-section-height-default elementor-section-height-default\" data-id=\"5c60a48\" data-element_type=\"section\" data-settings=\"{&quot;_ha_eqh_enable&quot;:false}\">\n\t\t\t\t\t\t<div class=\"elementor-container elementor-column-gap-default\">\n\t\t\t\t\t<div class=\"elementor-column elementor-col-100 elementor-top-column elementor-element elementor-element-5bd27ef\" data-id=\"5bd27ef\" data-element_type=\"column\">\n\t\t\t<div class=\"elementor-widget-wrap elementor-element-populated\">\n\t\t\t\t\t\t<div class=\"elementor-element elementor-element-5e7c86b elementor-widget elementor-widget-google_maps\" data-id=\"5e7c86b\" data-element_type=\"widget\" data-widget_type=\"google_maps.default\">\n\t\t\t\t<div class=\"elementor-widget-container\">\n\t\t\t<style>\/*! elementor - v3.21.0 - 08-05-2024 *\/\n.elementor-widget-google_maps .elementor-widget-container{overflow:hidden}.elementor-widget-google_maps .elementor-custom-embed{line-height:0}.elementor-widget-google_maps iframe{height:300px}<\/style>\t\t<div class=\"elementor-custom-embed\">\n\t\t\t<iframe loading=\"lazy\"\n\t\t\t\t\tsrc=\"https:\/\/maps.google.com\/maps?q=Cerro%20de%20Mayka%20110%2C%20Lomas%20de%20Chapultepec%20II%20Secc%2C%20Miguel%20Hidalgo%2C%2011000%20Ciudad%20de%20M%C3%A9xico%2C%20CDMX%2C%20Mexico&#038;t=m&#038;z=17&#038;output=embed&#038;iwloc=near\"\n\t\t\t\t\ttitle=\"Cerro de Mayka 110, Lomas de Chapultepec II Secc, Miguel Hidalgo, 11000 Ciudad de M\u00e9xico, CDMX, Mexico\"\n\t\t\t\t\taria-label=\"Cerro de Mayka 110, Lomas de Chapultepec II Secc, Miguel Hidalgo, 11000 Ciudad de M\u00e9xico, CDMX, Mexico\"\n\t\t\t><\/iframe>\n\t\t<\/div>\n\t\t\t\t<\/div>\n\t\t\t\t<\/div>\n\t\t\t\t\t<\/div>\n\t\t<\/div>\n\t\t\t\t\t<\/div>\n\t\t<\/section>\n\t\t\t\t<\/div>","protected":false},"excerpt":{"rendered":"<p>Contact Form Schedule your appointment today to begin finding your new you. *Treatment Type &#8212;Please choose an option&#8212;General &amp; Laparoscopic SurgeryMinimally Invasive Orthopedic SurgeryPain Management ClinicUrology \/ AndrologyMetabolic &amp; Weight Management *This site is protected by reCAPTCHA and the Google Privacy Policy and Terms of Service apply. Information Email Address drosorio@regenerage.clinic Mexico \ud83c\uddf2\ud83c\uddfd Cerro de [&hellip;]<\/p>","protected":false},"author":1,"featured_media":1264,"parent":0,"menu_order":0,"comment_status":"closed","ping_status":"closed","template":"","meta":{"footnotes":"","_joinchat":[]},"acf":[],"_links":{"self":[{"href":"https:\/\/regenerage.clinic\/es\/wp-json\/wp\/v2\/pages\/157"}],"collection":[{"href":"https:\/\/regenerage.clinic\/es\/wp-json\/wp\/v2\/pages"}],"about":[{"href":"https:\/\/regenerage.clinic\/es\/wp-json\/wp\/v2\/types\/page"}],"author":[{"embeddable":true,"href":"https:\/\/regenerage.clinic\/es\/wp-json\/wp\/v2\/users\/1"}],"replies":[{"embeddable":true,"href":"https:\/\/regenerage.clinic\/es\/wp-json\/wp\/v2\/comments?post=157"}],"version-history":[{"count":6,"href":"https:\/\/regenerage.clinic\/es\/wp-json\/wp\/v2\/pages\/157\/revisions"}],"predecessor-version":[{"id":3354,"href":"https:\/\/regenerage.clinic\/es\/wp-json\/wp\/v2\/pages\/157\/revisions\/3354"}],"wp:featuredmedia":[{"embeddable":true,"href":"https:\/\/regenerage.clinic\/es\/wp-json\/wp\/v2\/media\/1264"}],"wp:attachment":[{"href":"https:\/\/regenerage.clinic\/es\/wp-json\/wp\/v2\/media?parent=157"}],"curies":[{"name":"wp","href":"https:\/\/api.w.org\/{rel}","templated":true}]}}